{"id":822,"date":"2022-04-05T16:30:37","date_gmt":"2022-04-05T19:30:37","guid":{"rendered":"https:\/\/vzanbr.com.br\/catalogo\/?page_id=822"},"modified":"2025-03-18T10:22:15","modified_gmt":"2025-03-18T13:22:15","slug":"roda-vnine","status":"publish","type":"page","link":"https:\/\/vzanbr.com.br\/catalogo\/rodas\/mtb\/roda-vnine\/","title":{"rendered":"Roda Vnine Disc Cassete"},"content":{"rendered":"<div class=\"wpb-content-wrapper\"><p>[vc_row css_animation=&#8221;&#8221; row_type=&#8221;row&#8221; use_row_as_full_screen_section=&#8221;no&#8221; type=&#8221;grid&#8221; angled_section=&#8221;no&#8221; text_align=&#8221;left&#8221; background_image_as_pattern=&#8221;without_pattern&#8221; z_index=&#8221;&#8221; css=&#8221;.vc_custom_1643826549502{padding-bottom: 60px !important;}&#8221;][vc_column][vc_row_inner row_type=&#8221;row&#8221; type=&#8221;full_width&#8221; text_align=&#8221;left&#8221; css_animation=&#8221;&#8221;][vc_column_inner width=&#8221;1\/2&#8243; css=&#8221;.vc_custom_1642700586697{padding-top: 60px !important;}&#8221;][vc_gallery interval=&#8221;3&#8243; images=&#8221;798,797,799,1548&#8243; img_size=&#8221;full&#8221;][\/vc_column_inner][vc_column_inner width=&#8221;1\/2&#8243; css=&#8221;.vc_custom_1642700389434{padding-top: 60px !important;}&#8221;][vc_column_text]<strong>MTB \u2013 Cross Country<\/strong>[\/vc_column_text][vc_empty_space height=&#8221;15px&#8221;][vc_column_text]<\/p>\n<h1>RODA VNINE DISC CASSETE<\/h1>\n<p>[\/vc_column_text][vc_empty_space height=&#8221;15px&#8221;][vc_column_text css=&#8221;&#8221;]A Roda Vnine Cassete Disc \u00e9 a escolha ideal para quem busca uma roda simples, funcional e acess\u00edvel, com a vantagem da compatibilidade com cassetes. Com um design minimalista e eficiente, \u00e9 perfeita para bicicletas de uso recreativo, urbano e trilhas leves.<\/p>\n<p>Seus aros s\u00e3o fabricados em liga VZAN 6061, garantindo resist\u00eancia e durabilidade. O fechamento com pinos refor\u00e7a a estrutura, proporcionando confiabilidade para diferentes tipos de pedal.<\/p>\n<p>O cubo traseiro \u00e9 compat\u00edvel com sistema de cassete, garantindo um encaixe preciso e um funcionamento eficiente, ideal para quem deseja uma transmiss\u00e3o mais moderna e vers\u00e1til.<\/p>\n<p>Focada no essencial, a Vnine Cassete Disc oferece um \u00f3timo equil\u00edbrio entre custo e qualidade, sendo uma excelente op\u00e7\u00e3o para ciclistas que buscam simplicidade e efici\u00eancia em qualquer pedal.[\/vc_column_text][vc_empty_space height=&#8221;15px&#8221;]<a  itemprop=\"url\" href=\"#ficha-tecnica\" target=\"_self\" data-hover-background-color='#ffdf00' data-hover-border-color='#ffdf00' data-hover-color='#000000' class=\"qbutton  medium center default\" style=\"color: #000000; border-color: #f6f6f5; background-color: #f6f6f5;\">Ver especifica\u00e7\u00f5es<\/a>[\/vc_column_inner][\/vc_row_inner][\/vc_column][\/vc_row][vc_row css_animation=&#8221;&#8221; row_type=&#8221;row&#8221; use_row_as_full_screen_section=&#8221;no&#8221; type=&#8221;full_width&#8221; angled_section=&#8221;no&#8221; text_align=&#8221;left&#8221; background_image_as_pattern=&#8221;without_pattern&#8221; css=&#8221;.vc_custom_1643827538196{padding-top: 60px !important;padding-bottom: 60px !important;background-color: #f6f6f5 !important;}&#8221; z_index=&#8221;&#8221; anchor=&#8221;ficha-tecnica&#8221;][vc_column][vc_row_inner row_type=&#8221;row&#8221; type=&#8221;grid&#8221; text_align=&#8221;left&#8221; css_animation=&#8221;&#8221;][vc_column_inner][vc_column_text]<\/p>\n<h1>MODALIDADE<\/h1>\n<p>MTB \u2013 Cross Country<\/p>\n<p>&nbsp;<\/p>\n<h1>CORES<\/h1>\n<p>[\/vc_column_text][vc_single_image image=&#8221;867&#8243; img_size=&#8221;&#8221; qode_css_animation=&#8221;&#8221;][\/vc_column_inner][\/vc_row_inner][vc_row_inner row_type=&#8221;row&#8221; type=&#8221;grid&#8221; text_align=&#8221;left&#8221; css_animation=&#8221;&#8221; css=&#8221;.vc_custom_1643832678480{padding-top: 15px !important;}&#8221;][vc_column_inner][vc_column_text]<\/p>\n<h1>ESPECIFICA\u00c7\u00d5ES<\/h1>\n<p>[\/vc_column_text][vc_raw_html]JTVCdGFibGVzb21lJTIwdGFibGVfaWQlM0QlMjc3NzQlMjclMkYlNUQ=[\/vc_raw_html][\/vc_column_inner][\/vc_row_inner][vc_row_inner row_type=&#8221;row&#8221; type=&#8221;grid&#8221; text_align=&#8221;left&#8221; css_animation=&#8221;&#8221;][vc_column_inner width=&#8221;1\/3&#8243; css=&#8221;.vc_custom_1643832608351{padding-top: 24px !important;}&#8221;][vc_column_text]<\/p>\n<h2>ARO<\/h2>\n<p>29\u201d 622x22mm Alum\u00ednio 6061<\/p>\n<p>&nbsp;<\/p>\n<h2>V\u00c1LVULA<\/h2>\n<p>Grossa (Schrader)<\/p>\n<p>&nbsp;<\/p>\n<h2>TIPO DO PNEU<\/h2>\n<p>Clincher \u2013 29&#215;1,0\u201d a 29&#215;2.3\u201d<\/p>\n<p>&nbsp;<\/p>\n<h2>RAIOS<\/h2>\n<p>A\u00e7o preto 2.0mm \u2013 Tipo J-bend<\/p>\n<p>&nbsp;<\/p>\n<h2>NIPLES<\/h2>\n<p>A\u00e7o Cromado 14mm[\/vc_column_text][\/vc_column_inner][vc_column_inner width=&#8221;1\/3&#8243; css=&#8221;.vc_custom_1643832599891{padding-top: 24px !important;}&#8221;][vc_column_text]<\/p>\n<h2>CUBO DIANTEIRO<\/h2>\n<p>Modelo Extreme 6F \u2013 100x9mm (Esfera)<\/p>\n<p>&nbsp;<\/p>\n<h2>CUBO TRASEIRO<\/h2>\n<p>Modelo Extreme 6F \u2013 135x10mm (Esfera)<\/p>\n<p>&nbsp;<\/p>\n<h2>BLOCAGEM<\/h2>\n<p>Alum\u00ednio com cromolibid\u00eanio<\/p>\n<p>&nbsp;<\/p>\n<h2>FREEHUB<\/h2>\n<p>Shimano Hyperglide: 8 a 11 velocidades<\/p>\n<p>&nbsp;<\/p>\n<h2>SISTEMA DE TRACIONAMENTO<\/h2>\n<p>Padr\u00e3o 2 dentes e uma mola[\/vc_column_text][\/vc_column_inner][vc_column_inner width=&#8221;1\/3&#8243; css=&#8221;.vc_custom_1643832605008{padding-top: 24px !important;}&#8221;][vc_column_text]<\/p>\n<h2>FREIOS<\/h2>\n<p>Disco padr\u00e3o seis furos<\/p>\n<p>&nbsp;<\/p>\n<h2>PESO<\/h2>\n<p>Dianteira: 1055gr \/ Traseira: 1251gr \/ Par: 2306gr<\/p>\n<p>&nbsp;<\/p>\n<h2>ACESS\u00d3RIOS<\/h2>\n<p>Par de blocagens[\/vc_column_text][\/vc_column_inner][\/vc_row_inner][vc_row_inner row_type=&#8221;row&#8221; type=&#8221;grid&#8221; text_align=&#8221;left&#8221; css_animation=&#8221;&#8221;][vc_column_inner][vc_separator type=&#8221;normal&#8221; color=&#8221;#919191&#8243; up=&#8221;30&#8243; down=&#8221;30&#8243;][vc_column_text]*Recomendado a atletas at\u00e9 110kg<br \/>\n*Peso informado \u00e9 referente as rodas em acess\u00f3rios<br \/>\n*Podem haver varia\u00e7\u00f5es de at\u00e9 5% no peso do produto referente ao processo de extrus\u00e3o.<br \/>\n*A VZAN se reserva ao direito de alterar as caracter\u00edsticas do produto sem aviso pr\u00e9vio.<br \/>\n[\/vc_column_text][\/vc_column_inner][\/vc_row_inner][\/vc_column][\/vc_row]<\/p>\n<\/div>","protected":false},"excerpt":{"rendered":"<p>[vc_row css_animation=&#8221;&#8221; row_type=&#8221;row&#8221; use_row_as_full_screen_section=&#8221;no&#8221; type=&#8221;grid&#8221; angled_section=&#8221;no&#8221; text_align=&#8221;left&#8221; background_image_as_pattern=&#8221;without_pattern&#8221; z_index=&#8221;&#8221; css=&#8221;.vc_custom_1643826549502{padding-bottom: 60px !important;}&#8221;][vc_column][vc_row_inner row_type=&#8221;row&#8221; type=&#8221;full_width&#8221; text_align=&#8221;left&#8221; css_animation=&#8221;&#8221;][vc_column_inner width=&#8221;1\/2&#8243; css=&#8221;.vc_custom_1642700586697{padding-top: 60px !important;}&#8221;][vc_gallery interval=&#8221;3&#8243; images=&#8221;798,797,799,1548&#8243; img_size=&#8221;full&#8221;][\/vc_column_inner][vc_column_inner width=&#8221;1\/2&#8243; css=&#8221;.vc_custom_1642700389434{padding-top: 60px !important;}&#8221;][vc_column_text]MTB \u2013 Cross Country[\/vc_column_text][vc_empty_space height=&#8221;15px&#8221;][vc_column_text] RODA VNINE DISC CASSETE [\/vc_column_text][vc_empty_space height=&#8221;15px&#8221;][vc_column_text css=&#8221;&#8221;]A Roda Vnine Cassete Disc \u00e9 a escolha&#8230;<\/p>\n","protected":false},"author":1,"featured_media":0,"parent":1320,"menu_order":0,"comment_status":"closed","ping_status":"closed","template":"full_width.php","meta":{"footnotes":""},"class_list":["post-822","page","type-page","status-publish","hentry"],"_links":{"self":[{"href":"https:\/\/vzanbr.com.br\/catalogo\/wp-json\/wp\/v2\/pages\/822","targetHints":{"allow":["GET"]}}],"collection":[{"href":"https:\/\/vzanbr.com.br\/catalogo\/wp-json\/wp\/v2\/pages"}],"about":[{"href":"https:\/\/vzanbr.com.br\/catalogo\/wp-json\/wp\/v2\/types\/page"}],"author":[{"embeddable":true,"href":"https:\/\/vzanbr.com.br\/catalogo\/wp-json\/wp\/v2\/users\/1"}],"replies":[{"embeddable":true,"href":"https:\/\/vzanbr.com.br\/catalogo\/wp-json\/wp\/v2\/comments?post=822"}],"version-history":[{"count":10,"href":"https:\/\/vzanbr.com.br\/catalogo\/wp-json\/wp\/v2\/pages\/822\/revisions"}],"predecessor-version":[{"id":1616,"href":"https:\/\/vzanbr.com.br\/catalogo\/wp-json\/wp\/v2\/pages\/822\/revisions\/1616"}],"up":[{"embeddable":true,"href":"https:\/\/vzanbr.com.br\/catalogo\/wp-json\/wp\/v2\/pages\/1320"}],"wp:attachment":[{"href":"https:\/\/vzanbr.com.br\/catalogo\/wp-json\/wp\/v2\/media?parent=822"}],"curies":[{"name":"wp","href":"https:\/\/api.w.org\/{rel}","templated":true}]}}