{"id":814,"date":"2022-04-05T16:18:34","date_gmt":"2022-04-05T19:18:34","guid":{"rendered":"https:\/\/vzanbr.com.br\/catalogo\/?page_id=814"},"modified":"2025-03-18T10:05:09","modified_gmt":"2025-03-18T13:05:09","slug":"roda-overland","status":"publish","type":"page","link":"https:\/\/vzanbr.com.br\/catalogo\/rodas\/mtb-cross-country\/roda-overland\/","title":{"rendered":"Roda Overland XC"},"content":{"rendered":"<div class=\"wpb-content-wrapper\"><p>[vc_row css_animation=&#8221;&#8221; row_type=&#8221;row&#8221; use_row_as_full_screen_section=&#8221;no&#8221; type=&#8221;grid&#8221; angled_section=&#8221;no&#8221; text_align=&#8221;left&#8221; background_image_as_pattern=&#8221;without_pattern&#8221; z_index=&#8221;&#8221; css=&#8221;.vc_custom_1643826549502{padding-bottom: 60px !important;}&#8221;][vc_column][vc_row_inner row_type=&#8221;row&#8221; type=&#8221;full_width&#8221; text_align=&#8221;left&#8221; css_animation=&#8221;&#8221;][vc_column_inner width=&#8221;1\/2&#8243; css=&#8221;.vc_custom_1642700586697{padding-top: 60px !important;}&#8221;][vc_gallery interval=&#8221;3&#8243; images=&#8221;1365,1366,1364,1563&#8243; img_size=&#8221;full&#8221;][\/vc_column_inner][vc_column_inner width=&#8221;1\/2&#8243; css=&#8221;.vc_custom_1642700389434{padding-top: 60px !important;}&#8221;][vc_column_text]<strong>MTB \u2013 Cross Country<\/strong>[\/vc_column_text][vc_empty_space height=&#8221;15px&#8221;][vc_column_text]<\/p>\n<h1>RODA OVERLAND XC<\/h1>\n<p>[\/vc_column_text][vc_empty_space height=&#8221;15px&#8221;][vc_column_text css=&#8221;&#8221;]As rodas Overland foram projetadas para alta performance, combinando estabilidade e robustez. Constru\u00eddas com liga de alum\u00ednio 6061, finalizadas com um tratamento t\u00e9rmico especial e fechamento com cunha, garantem resist\u00eancia e durabilidade para qualquer desafio.<\/p>\n<p>Com 29 mm de largura interna, seu design de perfil foi cuidadosamente otimizado para proporcionar uma condu\u00e7\u00e3o inabal\u00e1vel e \u00e1gil. Os cubos contam com 6 rolamentos (2 no dianteiro e 4 no traseiro), al\u00e9m de freehubs em alum\u00ednio com protetores anti-desgaste, assegurando m\u00e1xima efici\u00eancia e resist\u00eancia.<\/p>\n<p>Para completar, os raios Pillar trefilados, reconhecidos no mercado pela qualidade e confiabilidade, garantem excelente rigidez e durabilidade, tornando as rodas Overland ainda mais resistentes e seguras.<\/p>\n<p>Tudo isso com a qualidade e garantia VZAN![\/vc_column_text][vc_empty_space height=&#8221;15px&#8221;]<a  itemprop=\"url\" href=\"#ficha-tecnica\" target=\"_self\" data-hover-background-color='#ffdf00' data-hover-border-color='#ffdf00' data-hover-color='#000000' class=\"qbutton  medium center default\" style=\"color: #000000; border-color: #f6f6f5; background-color: #f6f6f5;\">Ver especifica\u00e7\u00f5es<\/a>[\/vc_column_inner][\/vc_row_inner][\/vc_column][\/vc_row][vc_row css_animation=&#8221;&#8221; row_type=&#8221;row&#8221; use_row_as_full_screen_section=&#8221;no&#8221; type=&#8221;full_width&#8221; angled_section=&#8221;no&#8221; text_align=&#8221;left&#8221; background_image_as_pattern=&#8221;without_pattern&#8221; css=&#8221;.vc_custom_1643827538196{padding-top: 60px !important;padding-bottom: 60px !important;background-color: #f6f6f5 !important;}&#8221; z_index=&#8221;&#8221; anchor=&#8221;ficha-tecnica&#8221;][vc_column][vc_row_inner row_type=&#8221;row&#8221; type=&#8221;grid&#8221; text_align=&#8221;left&#8221; css_animation=&#8221;&#8221;][vc_column_inner][vc_column_text]<\/p>\n<h1>MODALIDADE<\/h1>\n<p>MTB \u2013 Cross Country<\/p>\n<p>&nbsp;<\/p>\n<h1>CORES<\/h1>\n<p>[\/vc_column_text][vc_single_image image=&#8221;463&#8243; img_size=&#8221;&#8221; qode_css_animation=&#8221;&#8221;][\/vc_column_inner][\/vc_row_inner][vc_row_inner row_type=&#8221;row&#8221; type=&#8221;grid&#8221; text_align=&#8221;left&#8221; css_animation=&#8221;&#8221; css=&#8221;.vc_custom_1643832678480{padding-top: 15px !important;}&#8221;][vc_column_inner][vc_column_text]<\/p>\n<h1>ESPECIFICA\u00c7\u00d5ES<\/h1>\n<p>[\/vc_column_text][vc_raw_html]JTVCdGFibGVzb21lJTIwdGFibGVfaWQlM0QlMjc3NzAlMjclMkYlNUQ=[\/vc_raw_html][\/vc_column_inner][\/vc_row_inner][vc_row_inner row_type=&#8221;row&#8221; type=&#8221;grid&#8221; text_align=&#8221;left&#8221; css_animation=&#8221;&#8221;][vc_column_inner width=&#8221;1\/3&#8243; css=&#8221;.vc_custom_1643832608351{padding-top: 24px !important;}&#8221;][vc_column_text]<\/p>\n<h2>ARO<\/h2>\n<p>Alum\u00ednio \u2013 29\u201d x 29mm<\/p>\n<p>Perfil com 20mm de altura<\/p>\n<p>&nbsp;<\/p>\n<h2>V\u00c1LVULA<\/h2>\n<p>Fina (Presta) 6,5mm<\/p>\n<p>&nbsp;<\/p>\n<h2>TIPO DO PNEU<\/h2>\n<p>Clincher \/ Tubeless \u2013 29&#215;2.0\u201d a 29&#215;2.8\u201d<\/p>\n<p>&nbsp;<\/p>\n<h2>RAIOS<\/h2>\n<p>Pillar Aerodin\u00e2mico PRS 1432 2.0mm \u2013 Tipo J-bend<\/p>\n<p>&nbsp;<\/p>\n<h2>NIPLES<\/h2>\n<p>Lat\u00e3o Cromados 14mm[\/vc_column_text][\/vc_column_inner][vc_column_inner width=&#8221;1\/3&#8243; css=&#8221;.vc_custom_1643832599891{padding-top: 24px !important;}&#8221;][vc_column_text]<\/p>\n<h2>CUBO DIANTEIRO<\/h2>\n<p>Modelo MTB V17 &#8211; 100x9mm \/ 100x15mm (2 rolamentos)<\/p>\n<p>&nbsp;<\/p>\n<h2>CUBO TRASEIRO<\/h2>\n<p>Modelo MTB V17 \u2013 135x10mm \/ 142x12mm (4 rolamentos)<\/p>\n<p>&nbsp;<\/p>\n<h2>BLOCAGEM<\/h2>\n<p>Alum\u00ednio com cromolibid\u00eanio<\/p>\n<p>&nbsp;<\/p>\n<h2>OP\u00c7\u00d5ES DE FREEHUB<\/h2>\n<p>Shimano HG: 12 Velocidades \/ Microspline: 12 Velocidades \/ Sram XD: 12 Velocidades<\/p>\n<p>&nbsp;<\/p>\n<h2>SISTEMA DE TRACIONAMENTO<\/h2>\n<p>Floating \u2013 3 dentes e 3 molas[\/vc_column_text][\/vc_column_inner][vc_column_inner width=&#8221;1\/3&#8243; css=&#8221;.vc_custom_1643832605008{padding-top: 24px !important;}&#8221;][vc_column_text]<\/p>\n<h2>FREIOS<\/h2>\n<p>Disco padr\u00e3o seis furos<\/p>\n<p>&nbsp;<\/p>\n<h2>PESO<\/h2>\n<p>Roda dianteira: 952gr<\/p>\n<p>Roda traseira: 1121gr<\/p>\n<p>Par: 2043gr (sem acess\u00f3rios)<\/p>\n<p>&nbsp;<\/p>\n<h2>ACESS\u00d3RIOS<\/h2>\n<p>Par de blocagens \/ Duas fitas de aro \/ fechamentos: 15mm dianteiro \u2013 12mm traseiro<\/p>\n<p>&nbsp;<\/p>\n<h2>OPCIONAIS<\/h2>\n<p>Cubo dianteiro Lefty 2.0 (vendido separadamente)[\/vc_column_text][\/vc_column_inner][\/vc_row_inner][vc_row_inner row_type=&#8221;row&#8221; type=&#8221;grid&#8221; text_align=&#8221;left&#8221; css_animation=&#8221;&#8221;][vc_column_inner][vc_separator type=&#8221;normal&#8221; color=&#8221;#919191&#8243; up=&#8221;30&#8243; down=&#8221;30&#8243;][vc_column_text]*Recomendado a atletas at\u00e9 120kg<\/p>\n<p>*Peso informado \u00e9 referente as rodas sem acess\u00f3rios<br \/>\n*Podem haver varia\u00e7\u00f5es de at\u00e9 5% no peso do produto.<\/p>\n<p>*A VZAN se reserva ao direito de alterar as caracter\u00edsticas do produto sem aviso pr\u00e9vio.[\/vc_column_text][\/vc_column_inner][\/vc_row_inner][\/vc_column][\/vc_row]<\/p>\n<\/div>","protected":false},"excerpt":{"rendered":"<p>[vc_row css_animation=&#8221;&#8221; row_type=&#8221;row&#8221; use_row_as_full_screen_section=&#8221;no&#8221; type=&#8221;grid&#8221; angled_section=&#8221;no&#8221; text_align=&#8221;left&#8221; background_image_as_pattern=&#8221;without_pattern&#8221; z_index=&#8221;&#8221; css=&#8221;.vc_custom_1643826549502{padding-bottom: 60px !important;}&#8221;][vc_column][vc_row_inner row_type=&#8221;row&#8221; type=&#8221;full_width&#8221; text_align=&#8221;left&#8221; css_animation=&#8221;&#8221;][vc_column_inner width=&#8221;1\/2&#8243; css=&#8221;.vc_custom_1642700586697{padding-top: 60px !important;}&#8221;][vc_gallery interval=&#8221;3&#8243; images=&#8221;1365,1366,1364,1563&#8243; img_size=&#8221;full&#8221;][\/vc_column_inner][vc_column_inner width=&#8221;1\/2&#8243; css=&#8221;.vc_custom_1642700389434{padding-top: 60px !important;}&#8221;][vc_column_text]MTB \u2013 Cross Country[\/vc_column_text][vc_empty_space height=&#8221;15px&#8221;][vc_column_text] RODA OVERLAND XC [\/vc_column_text][vc_empty_space height=&#8221;15px&#8221;][vc_column_text css=&#8221;&#8221;]As rodas Overland foram projetadas para alta performance, combinando&#8230;<\/p>\n","protected":false},"author":1,"featured_media":0,"parent":1322,"menu_order":0,"comment_status":"closed","ping_status":"closed","template":"full_width.php","meta":{"footnotes":""},"class_list":["post-814","page","type-page","status-publish","hentry"],"_links":{"self":[{"href":"https:\/\/vzanbr.com.br\/catalogo\/wp-json\/wp\/v2\/pages\/814","targetHints":{"allow":["GET"]}}],"collection":[{"href":"https:\/\/vzanbr.com.br\/catalogo\/wp-json\/wp\/v2\/pages"}],"about":[{"href":"https:\/\/vzanbr.com.br\/catalogo\/wp-json\/wp\/v2\/types\/page"}],"author":[{"embeddable":true,"href":"https:\/\/vzanbr.com.br\/catalogo\/wp-json\/wp\/v2\/users\/1"}],"replies":[{"embeddable":true,"href":"https:\/\/vzanbr.com.br\/catalogo\/wp-json\/wp\/v2\/comments?post=814"}],"version-history":[{"count":11,"href":"https:\/\/vzanbr.com.br\/catalogo\/wp-json\/wp\/v2\/pages\/814\/revisions"}],"predecessor-version":[{"id":1605,"href":"https:\/\/vzanbr.com.br\/catalogo\/wp-json\/wp\/v2\/pages\/814\/revisions\/1605"}],"up":[{"embeddable":true,"href":"https:\/\/vzanbr.com.br\/catalogo\/wp-json\/wp\/v2\/pages\/1322"}],"wp:attachment":[{"href":"https:\/\/vzanbr.com.br\/catalogo\/wp-json\/wp\/v2\/media?parent=814"}],"curies":[{"name":"wp","href":"https:\/\/api.w.org\/{rel}","templated":true}]}}