{"id":672,"date":"2022-03-22T10:29:24","date_gmt":"2022-03-22T13:29:24","guid":{"rendered":"https:\/\/vzanbr.com.br\/catalogo\/?page_id=672"},"modified":"2023-10-04T11:52:45","modified_gmt":"2023-10-04T14:52:45","slug":"escape-c10","status":"publish","type":"page","link":"https:\/\/vzanbr.com.br\/catalogo\/aros\/road\/escape-c10\/","title":{"rendered":"Escape C10"},"content":{"rendered":"<div class=\"wpb-content-wrapper\"><p>[vc_row css_animation=&#8221;&#8221; row_type=&#8221;row&#8221; use_row_as_full_screen_section=&#8221;no&#8221; type=&#8221;grid&#8221; angled_section=&#8221;no&#8221; text_align=&#8221;left&#8221; background_image_as_pattern=&#8221;without_pattern&#8221; z_index=&#8221;&#8221; css=&#8221;.vc_custom_1643826549502{padding-bottom: 60px !important;}&#8221;][vc_column][vc_row_inner row_type=&#8221;row&#8221; type=&#8221;full_width&#8221; text_align=&#8221;left&#8221; css_animation=&#8221;&#8221;][vc_column_inner width=&#8221;1\/2&#8243; css=&#8221;.vc_custom_1642700586697{padding-top: 60px !important;}&#8221;][vc_gallery interval=&#8221;3&#8243; images=&#8221;687,686,688,994&#8243; img_size=&#8221;full&#8221;][\/vc_column_inner][vc_column_inner width=&#8221;1\/2&#8243; css=&#8221;.vc_custom_1642700389434{padding-top: 60px !important;}&#8221;][vc_column_text]<strong>MTB<\/strong>[\/vc_column_text][vc_empty_space height=&#8221;15px&#8221;][vc_column_text]<\/p>\n<h1>ESCAPE C10<\/h1>\n<p>[\/vc_column_text][vc_empty_space height=&#8221;15px&#8221;][vc_column_text]O\u00a0 Aro Escape C10 \u00e9 um modelo de parede dupla que foi criado para atender as bicicletas Caloi 10 e Monark 10 antigas, seu di\u00e2metro \u00e9 maior que o modelos atuais de Ciclismo de Estrada, assim por este motivo este aro atende unicamente estes modelos.<\/p>\n<p>Este modelo possui usinagem lateral para melhor frenagem.[\/vc_column_text][vc_empty_space height=&#8221;15px&#8221;]<a  itemprop=\"url\" href=\"#ficha-tecnica\" target=\"_self\" data-hover-background-color='#ffdf00' data-hover-border-color='#ffdf00' data-hover-color='#000000' class=\"qbutton  medium center default\" style=\"color: #000000; border-color: #f6f6f5; background-color: #f6f6f5;\">Ver especifica\u00e7\u00f5es<\/a>[\/vc_column_inner][\/vc_row_inner][\/vc_column][\/vc_row][vc_row css_animation=&#8221;&#8221; row_type=&#8221;row&#8221; use_row_as_full_screen_section=&#8221;no&#8221; type=&#8221;full_width&#8221; angled_section=&#8221;no&#8221; text_align=&#8221;left&#8221; background_image_as_pattern=&#8221;without_pattern&#8221; css=&#8221;.vc_custom_1643827538196{padding-top: 60px !important;padding-bottom: 60px !important;background-color: #f6f6f5 !important;}&#8221; z_index=&#8221;&#8221; anchor=&#8221;ficha-tecnica&#8221;][vc_column][vc_row_inner row_type=&#8221;row&#8221; type=&#8221;grid&#8221; text_align=&#8221;left&#8221; css_animation=&#8221;&#8221;][vc_column_inner][vc_column_text]<\/p>\n<h1>MODALIDADE<\/h1>\n<p>MTB<\/p>\n<p>&nbsp;<\/p>\n<h1>CORES<\/h1>\n<p>[\/vc_column_text][vc_single_image image=&#8221;453&#8243; img_size=&#8221;full&#8221; qode_css_animation=&#8221;&#8221;][\/vc_column_inner][\/vc_row_inner][vc_row_inner row_type=&#8221;row&#8221; type=&#8221;grid&#8221; text_align=&#8221;left&#8221; css_animation=&#8221;&#8221; css=&#8221;.vc_custom_1643832678480{padding-top: 15px !important;}&#8221;][vc_column_inner][vc_column_text]<\/p>\n<h1>ESPECIFICA\u00c7\u00d5ES<\/h1>\n<p>[\/vc_column_text][vc_raw_html]JTVCdGFibGVzb21lJTIwdGFibGVfaWQlM0QlMjc2NjklMjclMkYlNUQ=[\/vc_raw_html][\/vc_column_inner][\/vc_row_inner][vc_row_inner row_type=&#8221;row&#8221; type=&#8221;grid&#8221; text_align=&#8221;left&#8221; css_animation=&#8221;&#8221;][vc_column_inner width=&#8221;1\/3&#8243; css=&#8221;.vc_custom_1643832608351{padding-top: 24px !important;}&#8221;][vc_column_text]<\/p>\n<h2>LIGA<\/h2>\n<p>ALUM\u00cdNIO 6061<\/p>\n<p>&nbsp;<\/p>\n<h2>TUBELESS READY<\/h2>\n<p>N\u00e3o[\/vc_column_text][\/vc_column_inner][vc_column_inner width=&#8221;1\/3&#8243; css=&#8221;.vc_custom_1643832599891{padding-top: 24px !important;}&#8221;][vc_column_text]<\/p>\n<h2>PAREDE<\/h2>\n<p>Dupla<\/p>\n<p>&nbsp;<\/p>\n<h2>V\u00c1LVULA<\/h2>\n<p>Grossa &#8211; Schrader[\/vc_column_text][\/vc_column_inner][vc_column_inner width=&#8221;1\/3&#8243; css=&#8221;.vc_custom_1643832605008{padding-top: 24px !important;}&#8221;][vc_column_text]<\/p>\n<h2>ILH\u00d3S<\/h2>\n<p>N\u00e3o<\/p>\n<p>&nbsp;<\/p>\n<h2>FECHAMENTO<\/h2>\n<p>Pinos[\/vc_column_text][\/vc_column_inner][\/vc_row_inner][\/vc_column][\/vc_row]<\/p>\n<\/div>","protected":false},"excerpt":{"rendered":"<p>[vc_row css_animation=&#8221;&#8221; row_type=&#8221;row&#8221; use_row_as_full_screen_section=&#8221;no&#8221; type=&#8221;grid&#8221; angled_section=&#8221;no&#8221; text_align=&#8221;left&#8221; background_image_as_pattern=&#8221;without_pattern&#8221; z_index=&#8221;&#8221; css=&#8221;.vc_custom_1643826549502{padding-bottom: 60px !important;}&#8221;][vc_column][vc_row_inner row_type=&#8221;row&#8221; type=&#8221;full_width&#8221; text_align=&#8221;left&#8221; css_animation=&#8221;&#8221;][vc_column_inner width=&#8221;1\/2&#8243; css=&#8221;.vc_custom_1642700586697{padding-top: 60px !important;}&#8221;][vc_gallery interval=&#8221;3&#8243; images=&#8221;687,686,688,994&#8243; img_size=&#8221;full&#8221;][\/vc_column_inner][vc_column_inner width=&#8221;1\/2&#8243; css=&#8221;.vc_custom_1642700389434{padding-top: 60px !important;}&#8221;][vc_column_text]MTB[\/vc_column_text][vc_empty_space height=&#8221;15px&#8221;][vc_column_text] ESCAPE C10 [\/vc_column_text][vc_empty_space height=&#8221;15px&#8221;][vc_column_text]O\u00a0 Aro Escape C10 \u00e9 um modelo de parede dupla que foi criado para&#8230;<\/p>\n","protected":false},"author":1,"featured_media":0,"parent":1310,"menu_order":0,"comment_status":"closed","ping_status":"closed","template":"full_width.php","meta":{"footnotes":""},"class_list":["post-672","page","type-page","status-publish","hentry"],"_links":{"self":[{"href":"https:\/\/vzanbr.com.br\/catalogo\/wp-json\/wp\/v2\/pages\/672","targetHints":{"allow":["GET"]}}],"collection":[{"href":"https:\/\/vzanbr.com.br\/catalogo\/wp-json\/wp\/v2\/pages"}],"about":[{"href":"https:\/\/vzanbr.com.br\/catalogo\/wp-json\/wp\/v2\/types\/page"}],"author":[{"embeddable":true,"href":"https:\/\/vzanbr.com.br\/catalogo\/wp-json\/wp\/v2\/users\/1"}],"replies":[{"embeddable":true,"href":"https:\/\/vzanbr.com.br\/catalogo\/wp-json\/wp\/v2\/comments?post=672"}],"version-history":[{"count":10,"href":"https:\/\/vzanbr.com.br\/catalogo\/wp-json\/wp\/v2\/pages\/672\/revisions"}],"predecessor-version":[{"id":1013,"href":"https:\/\/vzanbr.com.br\/catalogo\/wp-json\/wp\/v2\/pages\/672\/revisions\/1013"}],"up":[{"embeddable":true,"href":"https:\/\/vzanbr.com.br\/catalogo\/wp-json\/wp\/v2\/pages\/1310"}],"wp:attachment":[{"href":"https:\/\/vzanbr.com.br\/catalogo\/wp-json\/wp\/v2\/media?parent=672"}],"curies":[{"name":"wp","href":"https:\/\/api.w.org\/{rel}","templated":true}]}}