{"id":1678,"date":"2025-08-08T10:46:50","date_gmt":"2025-08-08T13:46:50","guid":{"rendered":"https:\/\/vzanbr.com.br\/catalogo\/?page_id=1678"},"modified":"2026-02-13T13:51:58","modified_gmt":"2026-02-13T16:51:58","slug":"roda-vmaxx","status":"publish","type":"page","link":"https:\/\/vzanbr.com.br\/catalogo\/rodas\/freestyle-wheeling\/roda-vmaxx\/","title":{"rendered":"Roda VMAXX"},"content":{"rendered":"<div class=\"wpb-content-wrapper\"><p>[vc_row css_animation=&#8221;&#8221; row_type=&#8221;row&#8221; use_row_as_full_screen_section=&#8221;no&#8221; type=&#8221;grid&#8221; angled_section=&#8221;no&#8221; text_align=&#8221;left&#8221; background_image_as_pattern=&#8221;without_pattern&#8221; z_index=&#8221;&#8221; css=&#8221;.vc_custom_1643826549502{padding-bottom: 60px !important;}&#8221;][vc_column][vc_row_inner row_type=&#8221;row&#8221; type=&#8221;full_width&#8221; text_align=&#8221;left&#8221; css_animation=&#8221;&#8221;][vc_column_inner width=&#8221;1\/2&#8243; css=&#8221;.vc_custom_1642700586697{padding-top: 60px !important;}&#8221;][vc_gallery interval=&#8221;3&#8243; images=&#8221;1682,1683,1684&#8243; img_size=&#8221;full&#8221; css=&#8221;&#8221;][\/vc_column_inner][vc_column_inner width=&#8221;1\/2&#8243; css=&#8221;.vc_custom_1642700389434{padding-top: 60px !important;}&#8221;][vc_column_text css=&#8221;&#8221;]<strong>Freestyle &#8211; Wheeling<\/strong>[\/vc_column_text][vc_empty_space height=&#8221;15px&#8221;][vc_column_text css=&#8221;&#8221;]<\/p>\n<h1>RODA VMAXX<\/h1>\n<p>[\/vc_column_text][vc_empty_space height=&#8221;15px&#8221;][vc_column_text css=&#8221;&#8221;]<\/p>\n<p data-start=\"186\" data-end=\"448\">A Roda VMAXX \u00e9 a escolha perfeita para quem busca desempenho e resist\u00eancia em manobras radicais, seja no freestyle ou no wheeling. Desenvolvida para suportar impactos e uso intenso, combina robustez e precis\u00e3o para ciclistas que exigem o m\u00e1ximo do equipamento.<\/p>\n<p data-start=\"450\" data-end=\"739\">Fabricada em liga de alum\u00ednio VZAN 6061, garante alta durabilidade e seguran\u00e7a, mesmo sob fortes cargas e aterrissagens bruscas. O sistema de fechamento com pinos refor\u00e7a a estrutura do aro, proporcionando confiabilidade nas manobras e estabilidade em diferentes tipos de terreno urbano.<\/p>\n<p data-start=\"741\" data-end=\"1014\">Equipada com cubos VMAXX de alto desempenho e rolamentos selados, oferece rolagem suave e encaixe preciso, assegurando resposta r\u00e1pida a cada pedalada. Com compatibilidade para sistemas de cassete Shimano Hyperglide de 8 a 11 velocidades, alia versatilidade e efici\u00eancia.<\/p>\n<p data-start=\"1016\" data-end=\"1253\">Focada no uso extremo, a VMAXX \u00e9 ideal para quem quer unir estilo, for\u00e7a e confian\u00e7a tornando-se a companheira certa para dominar o asfalto, escadas, pra\u00e7as e qualquer cen\u00e1rio onde o limite seja ditado pelo seu controle sobre a bike.<\/p>\n<p>[\/vc_column_text][vc_empty_space height=&#8221;15px&#8221;]<a  itemprop=\"url\" href=\"#ficha-tecnica\" target=\"_self\" data-hover-background-color='#ffdf00' data-hover-border-color='#ffdf00' data-hover-color='#000000' class=\"qbutton  medium center default\" style=\"color: #000000; border-color: #f6f6f5; background-color: #f6f6f5;\">Ver especifica\u00e7\u00f5es<\/a>[\/vc_column_inner][\/vc_row_inner][\/vc_column][\/vc_row][vc_row css_animation=&#8221;&#8221; row_type=&#8221;row&#8221; use_row_as_full_screen_section=&#8221;no&#8221; type=&#8221;full_width&#8221; angled_section=&#8221;no&#8221; text_align=&#8221;left&#8221; background_image_as_pattern=&#8221;without_pattern&#8221; css=&#8221;.vc_custom_1643827538196{padding-top: 60px !important;padding-bottom: 60px !important;background-color: #f6f6f5 !important;}&#8221; z_index=&#8221;&#8221; anchor=&#8221;ficha-tecnica&#8221;][vc_column][vc_row_inner row_type=&#8221;row&#8221; type=&#8221;grid&#8221; text_align=&#8221;left&#8221; css_animation=&#8221;&#8221;][vc_column_inner width=&#8221;1\/2&#8243;][vc_column_text css=&#8221;&#8221;]<\/p>\n<h1>MODALIDADE<\/h1>\n<p>Freestyle &#8211; Wheeling<\/p>\n<p>&nbsp;<\/p>\n<h1>CORES<\/h1>\n<p>[\/vc_column_text][vc_single_image image=&#8221;1688&#8243; img_size=&#8221;&#8221; css=&#8221;&#8221; qode_css_animation=&#8221;&#8221;][\/vc_column_inner][vc_column_inner width=&#8221;1\/2&#8243;][vc_gallery interval=&#8221;5&#8243; images=&#8221;1685,1686,1687&#8243; css=&#8221;&#8221;][\/vc_column_inner][\/vc_row_inner][vc_row_inner row_type=&#8221;row&#8221; type=&#8221;grid&#8221; text_align=&#8221;left&#8221; css_animation=&#8221;&#8221; css=&#8221;.vc_custom_1643832678480{padding-top: 15px !important;}&#8221;][vc_column_inner][vc_column_text]<\/p>\n<h1>ESPECIFICA\u00c7\u00d5ES<\/h1>\n<p>[\/vc_column_text][vc_raw_html css=&#8221;&#8221;]JTVCdGFibGVzb21lJTIwdGFibGVfaWQlM0QlMjcxNjc5JTI3JTJGJTVE[\/vc_raw_html][\/vc_column_inner][\/vc_row_inner][vc_row_inner row_type=&#8221;row&#8221; type=&#8221;grid&#8221; text_align=&#8221;left&#8221; css_animation=&#8221;&#8221;][vc_column_inner width=&#8221;1\/3&#8243; css=&#8221;.vc_custom_1643832608351{padding-top: 24px !important;}&#8221;][vc_column_text css=&#8221;&#8221;]<\/p>\n<h2>ARO<\/h2>\n<p>29\u201d 559x29mm Alum\u00ednio 6061<\/p>\n<p>&nbsp;<\/p>\n<h2>V\u00c1LVULA<\/h2>\n<p>Grossa (Schrader)<\/p>\n<p>&nbsp;<\/p>\n<h2>TIPO DO PNEU<\/h2>\n<p>Clincher \u2013 26&#215;2,0\u201d a 2.8\u201d<\/p>\n<p>&nbsp;<\/p>\n<h2>RAIOS<\/h2>\n<p>A\u00e7o preto 2.0mm \u2013 Tipo J-bend<\/p>\n<p>&nbsp;<\/p>\n<h2>NIPLES<\/h2>\n<p>A\u00e7o Cromado 14mm[\/vc_column_text][\/vc_column_inner][vc_column_inner width=&#8221;1\/3&#8243; css=&#8221;.vc_custom_1643832599891{padding-top: 24px !important;}&#8221;][vc_column_text css=&#8221;&#8221;]<\/p>\n<h2>CUBO DIANTEIRO<\/h2>\n<p>VZAN VMAXX (2 Rolamentos)<\/p>\n<p>&nbsp;<\/p>\n<h2>CUBO TRASEIRO<\/h2>\n<p>VZAN VMAXX (4 Rolamentos)<\/p>\n<p>&nbsp;<\/p>\n<h2>BLOCAGEM<\/h2>\n<p>Alum\u00ednio com cromolibid\u00eanio<\/p>\n<p>&nbsp;<\/p>\n<h2>FREEHUB<\/h2>\n<p>Shimano Hyperglide: 8 a 11 velocidades<\/p>\n<p>&nbsp;<\/p>\n<h2>SISTEMA DE TRACIONAMENTO<\/h2>\n<p>Floating &#8211; 6 dentes[\/vc_column_text][\/vc_column_inner][vc_column_inner width=&#8221;1\/3&#8243; css=&#8221;.vc_custom_1643832605008{padding-top: 24px !important;}&#8221;][vc_column_text css=&#8221;&#8221;]<\/p>\n<h2>FREIOS<\/h2>\n<p>Disco padr\u00e3o seis furos<\/p>\n<p>&nbsp;<\/p>\n<h2>PESO<\/h2>\n<p>Dianteira: 1167gr \/ Traseira: 1270gr \/ Par: 2437gr<\/p>\n<p>&nbsp;<\/p>\n<h2>ACESS\u00d3RIOS<\/h2>\n<p>Par de blocagens &#8211; Par de Fitas &#8211; Fechamentos 15mm dianteiro e 12mm traseiro<\/p>\n<p>&nbsp;<\/p>\n<h2>OPCIONAIS<\/h2>\n<p>COG 15 Dentes C\/ Espa\u00e7adores 12\/6,5\/4,5mm C\/ Trava[\/vc_column_text][\/vc_column_inner][\/vc_row_inner][vc_row_inner row_type=&#8221;row&#8221; type=&#8221;grid&#8221; text_align=&#8221;left&#8221; css_animation=&#8221;&#8221;][vc_column_inner][vc_separator type=&#8221;normal&#8221; color=&#8221;#919191&#8243; up=&#8221;30&#8243; down=&#8221;30&#8243;][vc_column_text]*Recomendado a atletas at\u00e9 110kg<br \/>\n*Peso informado \u00e9 referente as rodas em acess\u00f3rios<br \/>\n*Podem haver varia\u00e7\u00f5es de at\u00e9 5% no peso do produto referente ao processo de extrus\u00e3o.<br \/>\n*A VZAN se reserva ao direito de alterar as caracter\u00edsticas do produto sem aviso pr\u00e9vio.<br \/>\n[\/vc_column_text][\/vc_column_inner][\/vc_row_inner][\/vc_column][\/vc_row]<\/p>\n<\/div>","protected":false},"excerpt":{"rendered":"<p>[vc_row css_animation=&#8221;&#8221; row_type=&#8221;row&#8221; use_row_as_full_screen_section=&#8221;no&#8221; type=&#8221;grid&#8221; angled_section=&#8221;no&#8221; text_align=&#8221;left&#8221; background_image_as_pattern=&#8221;without_pattern&#8221; z_index=&#8221;&#8221; css=&#8221;.vc_custom_1643826549502{padding-bottom: 60px !important;}&#8221;][vc_column][vc_row_inner row_type=&#8221;row&#8221; type=&#8221;full_width&#8221; text_align=&#8221;left&#8221; css_animation=&#8221;&#8221;][vc_column_inner width=&#8221;1\/2&#8243; css=&#8221;.vc_custom_1642700586697{padding-top: 60px !important;}&#8221;][vc_gallery interval=&#8221;3&#8243; images=&#8221;1682,1683,1684&#8243; img_size=&#8221;full&#8221; css=&#8221;&#8221;][\/vc_column_inner][vc_column_inner width=&#8221;1\/2&#8243; css=&#8221;.vc_custom_1642700389434{padding-top: 60px !important;}&#8221;][vc_column_text css=&#8221;&#8221;]Freestyle &#8211; Wheeling[\/vc_column_text][vc_empty_space height=&#8221;15px&#8221;][vc_column_text css=&#8221;&#8221;] RODA VMAXX [\/vc_column_text][vc_empty_space height=&#8221;15px&#8221;][vc_column_text css=&#8221;&#8221;] A Roda VMAXX \u00e9 a escolha perfeita&#8230;<\/p>\n","protected":false},"author":2,"featured_media":0,"parent":1676,"menu_order":0,"comment_status":"closed","ping_status":"closed","template":"full_width.php","meta":{"footnotes":""},"class_list":["post-1678","page","type-page","status-publish","hentry"],"_links":{"self":[{"href":"https:\/\/vzanbr.com.br\/catalogo\/wp-json\/wp\/v2\/pages\/1678","targetHints":{"allow":["GET"]}}],"collection":[{"href":"https:\/\/vzanbr.com.br\/catalogo\/wp-json\/wp\/v2\/pages"}],"about":[{"href":"https:\/\/vzanbr.com.br\/catalogo\/wp-json\/wp\/v2\/types\/page"}],"author":[{"embeddable":true,"href":"https:\/\/vzanbr.com.br\/catalogo\/wp-json\/wp\/v2\/users\/2"}],"replies":[{"embeddable":true,"href":"https:\/\/vzanbr.com.br\/catalogo\/wp-json\/wp\/v2\/comments?post=1678"}],"version-history":[{"count":5,"href":"https:\/\/vzanbr.com.br\/catalogo\/wp-json\/wp\/v2\/pages\/1678\/revisions"}],"predecessor-version":[{"id":1718,"href":"https:\/\/vzanbr.com.br\/catalogo\/wp-json\/wp\/v2\/pages\/1678\/revisions\/1718"}],"up":[{"embeddable":true,"href":"https:\/\/vzanbr.com.br\/catalogo\/wp-json\/wp\/v2\/pages\/1676"}],"wp:attachment":[{"href":"https:\/\/vzanbr.com.br\/catalogo\/wp-json\/wp\/v2\/media?parent=1678"}],"curies":[{"name":"wp","href":"https:\/\/api.w.org\/{rel}","templated":true}]}}