{"id":1179,"date":"2023-06-30T10:36:13","date_gmt":"2023-06-30T13:36:13","guid":{"rendered":"https:\/\/vzanbr.com.br\/catalogo\/?page_id=1179"},"modified":"2025-03-18T10:02:21","modified_gmt":"2025-03-18T13:02:21","slug":"roda-concept-carbon","status":"publish","type":"page","link":"https:\/\/vzanbr.com.br\/catalogo\/rodas\/road\/roda-concept-carbon\/","title":{"rendered":"Roda Concept Carbon"},"content":{"rendered":"<div class=\"wpb-content-wrapper\"><p>[vc_row css_animation=&#8221;&#8221; row_type=&#8221;row&#8221; use_row_as_full_screen_section=&#8221;no&#8221; type=&#8221;grid&#8221; angled_section=&#8221;no&#8221; text_align=&#8221;left&#8221; background_image_as_pattern=&#8221;without_pattern&#8221; z_index=&#8221;&#8221; css=&#8221;.vc_custom_1643826549502{padding-bottom: 60px !important;}&#8221;][vc_column][vc_row_inner row_type=&#8221;row&#8221; type=&#8221;full_width&#8221; text_align=&#8221;left&#8221; css_animation=&#8221;&#8221;][vc_column_inner width=&#8221;1\/2&#8243; css=&#8221;.vc_custom_1642700586697{padding-top: 60px !important;}&#8221;][vc_gallery interval=&#8221;3&#8243; images=&#8221;1183,1184,1181,1567&#8243; img_size=&#8221;full&#8221;][\/vc_column_inner][vc_column_inner width=&#8221;1\/2&#8243; css=&#8221;.vc_custom_1642700389434{padding-top: 60px !important;}&#8221;][vc_column_text]<strong>ROAD<\/strong>[\/vc_column_text][vc_empty_space height=&#8221;15px&#8221;][vc_column_text]<\/p>\n<h1>RODA CONCEPT CARBON<\/h1>\n<p>[\/vc_column_text][vc_empty_space height=&#8221;15px&#8221;][vc_column_text css=&#8221;&#8221;]A nova roda VZAN Concept Disc Carbon veio para atender aos consumidores que buscam uma roda leve, r\u00e1pida, robusta e acess\u00edvel.<\/p>\n<p>Equipada com aros em fibra de carbono, com perfil de 45mm de altura e 21mm de largura interna, o que lhe permite utilizar pneus 700\u00d725 a 700\u00d747, compat\u00edvel com pneus tubeless. Cubos em alum\u00ednio com quatro rolamentos, freehubs com tr\u00eas dentes, j\u00e1 consagrados nas rodas Concept Disc e Futura Disc. Os cubos contam tamb\u00e9m com fechamentos de 12 e 15mm na roda dianteira, bem como fechamentos de 12mm para a roda traseira. Raios flat PSR 1432.<\/p>\n<p>Tudo isso com a garantia e qualidade VZAN![\/vc_column_text][vc_empty_space height=&#8221;15px&#8221;]<a  itemprop=\"url\" href=\"#ficha-tecnica\" target=\"_self\" data-hover-background-color='#ffdf00' data-hover-border-color='#ffdf00' data-hover-color='#000000' class=\"qbutton  medium center default\" style=\"color: #000000; border-color: #f6f6f5; background-color: #f6f6f5;\">Ver especifica\u00e7\u00f5es<\/a>[\/vc_column_inner][\/vc_row_inner][\/vc_column][\/vc_row][vc_row css_animation=&#8221;&#8221; row_type=&#8221;row&#8221; use_row_as_full_screen_section=&#8221;no&#8221; type=&#8221;full_width&#8221; angled_section=&#8221;no&#8221; text_align=&#8221;left&#8221; background_image_as_pattern=&#8221;without_pattern&#8221; css=&#8221;.vc_custom_1643827538196{padding-top: 60px !important;padding-bottom: 60px !important;background-color: #f6f6f5 !important;}&#8221; z_index=&#8221;&#8221; anchor=&#8221;ficha-tecnica&#8221;][vc_column][vc_row_inner row_type=&#8221;row&#8221; type=&#8221;grid&#8221; text_align=&#8221;left&#8221; css_animation=&#8221;&#8221;][vc_column_inner][vc_column_text]<\/p>\n<h1>MODALIDADE<\/h1>\n<p>Road<\/p>\n<p>&nbsp;<\/p>\n<h1>CORES<\/h1>\n<p>[\/vc_column_text][vc_single_image image=&#8221;1194&#8243; img_size=&#8221;&#8221; qode_css_animation=&#8221;&#8221;][\/vc_column_inner][\/vc_row_inner][vc_row_inner row_type=&#8221;row&#8221; type=&#8221;grid&#8221; text_align=&#8221;left&#8221; css_animation=&#8221;&#8221; css=&#8221;.vc_custom_1643832678480{padding-top: 15px !important;}&#8221;][vc_column_inner][vc_column_text]<\/p>\n<h1>ESPECIFICA\u00c7\u00d5ES<\/h1>\n<p>[\/vc_column_text][vc_raw_html]JTVCdGFibGVzb21lJTIwdGFibGVfaWQlM0QlMjcxMTkxJTI3JTJGJTVE[\/vc_raw_html][\/vc_column_inner][\/vc_row_inner][vc_row_inner row_type=&#8221;row&#8221; type=&#8221;grid&#8221; text_align=&#8221;left&#8221; css_animation=&#8221;&#8221;][vc_column_inner width=&#8221;1\/3&#8243; css=&#8221;.vc_custom_1643832608351{padding-top: 24px !important;}&#8221;][vc_column_text]<\/p>\n<h2>ARO<\/h2>\n<p>Fibra de carbono \u2013 700C X 21mm \u2013 Perfil com 45mm de altura<\/p>\n<p>&nbsp;<\/p>\n<h2>V\u00c1LVULA<\/h2>\n<p>Fina (Presta) 6,5mm<\/p>\n<p>&nbsp;<\/p>\n<h2>TIPO DO PNEU<\/h2>\n<p>Tubeless \u2013 700\u00d725 a 700\u00d747<\/p>\n<p>&nbsp;<\/p>\n<h2>RAIOS<\/h2>\n<p>Pillar Aerodin\u00e2mico PRS 1432 2.0mm \u2013 Tipo J-bend, ou Pillar Inox Trefilado PTB 1.7mm \u2013 Tipo J-bend<\/p>\n<p>&nbsp;<\/p>\n<h2>NIPLES<\/h2>\n<p>Lat\u00e3o Preto 16mm[\/vc_column_text][\/vc_column_inner][vc_column_inner width=&#8221;1\/3&#8243; css=&#8221;.vc_custom_1643832599891{padding-top: 24px !important;}&#8221;][vc_column_text]<\/p>\n<h2>CUBO DIANTEIRO<\/h2>\n<p>Modelo Road RD V18 \u2013 100x9mm \/ 100x12mm \/ 100x15mm (2 rolamentos)<\/p>\n<p>&nbsp;<\/p>\n<h2>CUBO TRASEIRO<\/h2>\n<p>Modelo Road RD V18 \u2013 135x10mm \/ 142x12mm (4 rolamentos)<\/p>\n<p>&nbsp;<\/p>\n<h2>BLOCAGEM<\/h2>\n<p>Alum\u00ednio com cromolibid\u00eanio<\/p>\n<p>&nbsp;<\/p>\n<h2>FREEHUB<\/h2>\n<p>Shimano \u2013 8 a 12 velocidades<\/p>\n<p>SRAM XDR (opcional) &#8211; 12 velocidades<\/p>\n<p>&nbsp;<\/p>\n<h2>SISTEMA DE TRACIONAMENTO<\/h2>\n<p>Floating \u2013 3 dentes e 3 molas[\/vc_column_text][\/vc_column_inner][vc_column_inner width=&#8221;1\/3&#8243; css=&#8221;.vc_custom_1643832605008{padding-top: 24px !important;}&#8221;][vc_column_text]<\/p>\n<h2>FREIOS<\/h2>\n<p>Disco padr\u00e3o seis furos<\/p>\n<p>&nbsp;<\/p>\n<h2>PESO<\/h2>\n<p>Roda dianteira: 705gr<\/p>\n<p>Roda traseira: 849gr<\/p>\n<p>Par: 1554gr (raios flat sem acess\u00f3rios)<\/p>\n<p>&nbsp;<\/p>\n<h2>ACESS\u00d3RIOS<\/h2>\n<p>Par de blocagens \/ Duas fitas de aro \/ fechamentos: 12mm e 15mm dianteiros \u2013 12mm traseiro \/ Espa\u00e7ador do freehub[\/vc_column_text][\/vc_column_inner][\/vc_row_inner][vc_row_inner row_type=&#8221;row&#8221; type=&#8221;grid&#8221; text_align=&#8221;left&#8221; css_animation=&#8221;&#8221;][vc_column_inner][vc_separator type=&#8221;normal&#8221; color=&#8221;#919191&#8243; up=&#8221;30&#8243; down=&#8221;30&#8243;][vc_column_text]*Recomendado a atletas at\u00e9 90kg<br \/>\n*Peso informado \u00e9 referente as rodas sem acess\u00f3rios.<br \/>\n*Podem haver varia\u00e7\u00f5es de at\u00e9 5% no peso do produto.<br \/>\n*A VZAN se reserva ao direito de alterar as caracter\u00edsticas do produto sem aviso pr\u00e9vio.[\/vc_column_text][\/vc_column_inner][\/vc_row_inner][\/vc_column][\/vc_row]<\/p>\n<\/div>","protected":false},"excerpt":{"rendered":"<p>[vc_row css_animation=&#8221;&#8221; row_type=&#8221;row&#8221; use_row_as_full_screen_section=&#8221;no&#8221; type=&#8221;grid&#8221; angled_section=&#8221;no&#8221; text_align=&#8221;left&#8221; background_image_as_pattern=&#8221;without_pattern&#8221; z_index=&#8221;&#8221; css=&#8221;.vc_custom_1643826549502{padding-bottom: 60px !important;}&#8221;][vc_column][vc_row_inner row_type=&#8221;row&#8221; type=&#8221;full_width&#8221; text_align=&#8221;left&#8221; css_animation=&#8221;&#8221;][vc_column_inner width=&#8221;1\/2&#8243; css=&#8221;.vc_custom_1642700586697{padding-top: 60px !important;}&#8221;][vc_gallery interval=&#8221;3&#8243; images=&#8221;1183,1184,1181,1567&#8243; img_size=&#8221;full&#8221;][\/vc_column_inner][vc_column_inner width=&#8221;1\/2&#8243; css=&#8221;.vc_custom_1642700389434{padding-top: 60px !important;}&#8221;][vc_column_text]ROAD[\/vc_column_text][vc_empty_space height=&#8221;15px&#8221;][vc_column_text] RODA CONCEPT CARBON [\/vc_column_text][vc_empty_space height=&#8221;15px&#8221;][vc_column_text css=&#8221;&#8221;]A nova roda VZAN Concept Disc Carbon veio para atender aos consumidores&#8230;<\/p>\n","protected":false},"author":1,"featured_media":0,"parent":1324,"menu_order":0,"comment_status":"closed","ping_status":"closed","template":"full_width.php","meta":{"footnotes":""},"class_list":["post-1179","page","type-page","status-publish","hentry"],"_links":{"self":[{"href":"https:\/\/vzanbr.com.br\/catalogo\/wp-json\/wp\/v2\/pages\/1179","targetHints":{"allow":["GET"]}}],"collection":[{"href":"https:\/\/vzanbr.com.br\/catalogo\/wp-json\/wp\/v2\/pages"}],"about":[{"href":"https:\/\/vzanbr.com.br\/catalogo\/wp-json\/wp\/v2\/types\/page"}],"author":[{"embeddable":true,"href":"https:\/\/vzanbr.com.br\/catalogo\/wp-json\/wp\/v2\/users\/1"}],"replies":[{"embeddable":true,"href":"https:\/\/vzanbr.com.br\/catalogo\/wp-json\/wp\/v2\/comments?post=1179"}],"version-history":[{"count":11,"href":"https:\/\/vzanbr.com.br\/catalogo\/wp-json\/wp\/v2\/pages\/1179\/revisions"}],"predecessor-version":[{"id":1604,"href":"https:\/\/vzanbr.com.br\/catalogo\/wp-json\/wp\/v2\/pages\/1179\/revisions\/1604"}],"up":[{"embeddable":true,"href":"https:\/\/vzanbr.com.br\/catalogo\/wp-json\/wp\/v2\/pages\/1324"}],"wp:attachment":[{"href":"https:\/\/vzanbr.com.br\/catalogo\/wp-json\/wp\/v2\/media?parent=1179"}],"curies":[{"name":"wp","href":"https:\/\/api.w.org\/{rel}","templated":true}]}}